{"id":52,"date":"2023-10-04T11:14:52","date_gmt":"2023-10-04T11:14:52","guid":{"rendered":"http:\/\/www.tampereentrimmaamo.fi\/?page_id=52"},"modified":"2023-10-24T19:19:44","modified_gmt":"2023-10-24T19:19:44","slug":"tiimi","status":"publish","type":"page","link":"https:\/\/www.tampereentrimmaamo.fi\/index.php\/tiimi\/","title":{"rendered":"Tiimi"},"content":{"rendered":"\n<p>Olen Kristiina, Helsingiss\u00e4 Amiedussa ammattitutkinnon suorittanut koira-ja kissatrimmaaja. Olen hoitanut kaiken rotuisia koiria Helsingin Ullanlinnassa viimeisen 9 vuoden ajan ja nyt toivotan syd\u00e4mellisesti tervetulleeksi kaikki Tampereen nelijalkaiset. <\/p>\n\n\n\n<p>Olen itse kasvattanut monta vuosikymment\u00e4 skotlanninterriereit\u00e4, joten trimmauksien ja pesujen ohella my\u00f6skin nypinn\u00e4t onnistuvat. Olen kasvattanut useita pentueita, joten koiran el\u00e4m\u00e4nkaari pennusta vaariin on minulle tuttu ja ymm\u00e4rr\u00e4n kaiken ik\u00e4isten koirien eritysvaatimukset. <\/p>\n\n\n\n<p>Osaan auttaa asiakkaita my\u00f6s monissa ongelmatilanteissa, esimerkiksi kynsienleikkuun haasteissa.<\/p>\n\n\n<div class=\"wp-block-image\">\n<figure class=\"alignleft size-large\"><img decoding=\"async\" loading=\"lazy\" width=\"853\" height=\"1024\" src=\"http:\/\/www.tampereentrimmaamo.fi\/wp-content\/uploads\/2023\/10\/IMG_8505-853x1024.jpeg\" alt=\"\" class=\"wp-image-146\" srcset=\"https:\/\/www.tampereentrimmaamo.fi\/wp-content\/uploads\/2023\/10\/IMG_8505-853x1024.jpeg 853w, https:\/\/www.tampereentrimmaamo.fi\/wp-content\/uploads\/2023\/10\/IMG_8505-250x300.jpeg 250w, https:\/\/www.tampereentrimmaamo.fi\/wp-content\/uploads\/2023\/10\/IMG_8505-768x922.jpeg 768w, https:\/\/www.tampereentrimmaamo.fi\/wp-content\/uploads\/2023\/10\/IMG_8505-1279x1536.jpeg 1279w, https:\/\/www.tampereentrimmaamo.fi\/wp-content\/uploads\/2023\/10\/IMG_8505.jpeg 1641w\" sizes=\"(max-width: 767px) 89vw, (max-width: 1000px) 54vw, (max-width: 1071px) 543px, 580px\" \/><\/figure><\/div>","protected":false},"excerpt":{"rendered":"<p>Olen Kristiina, Helsingiss\u00e4 Amiedussa ammattitutkinnon suorittanut koira-ja kissatrimmaaja. Olen hoitanut kaiken rotuisia koiria Helsingin Ullanlinnassa viimeisen 9 vuoden ajan ja nyt toivotan syd\u00e4mellisesti tervetulleeksi kaikki Tampereen nelijalkaiset. Olen itse kasvattanut monta vuosikymment\u00e4 skotlanninterriereit\u00e4, joten trimmauksien ja pesujen ohella my\u00f6skin nypinn\u00e4t onnistuvat. Olen kasvattanut useita pentueita, joten koiran el\u00e4m\u00e4nkaari pennusta vaariin on minulle tuttu ja ymm\u00e4rr\u00e4n &hellip; <\/p>\n<p class=\"link-more\"><a href=\"https:\/\/www.tampereentrimmaamo.fi\/index.php\/tiimi\/\" class=\"more-link\">Jatka lukemista<span class=\"screen-reader-text\"> &#8221;Tiimi&#8221;<\/span><\/a><\/p>\n","protected":false},"author":1,"featured_media":0,"parent":0,"menu_order":0,"comment_status":"closed","ping_status":"closed","template":"","meta":{"om_disable_all_campaigns":false,"_monsterinsights_skip_tracking":false,"_monsterinsights_sitenote_active":false,"_monsterinsights_sitenote_note":"","_monsterinsights_sitenote_category":0,"footnotes":""},"aioseo_notices":[],"_links":{"self":[{"href":"https:\/\/www.tampereentrimmaamo.fi\/index.php\/wp-json\/wp\/v2\/pages\/52"}],"collection":[{"href":"https:\/\/www.tampereentrimmaamo.fi\/index.php\/wp-json\/wp\/v2\/pages"}],"about":[{"href":"https:\/\/www.tampereentrimmaamo.fi\/index.php\/wp-json\/wp\/v2\/types\/page"}],"author":[{"embeddable":true,"href":"https:\/\/www.tampereentrimmaamo.fi\/index.php\/wp-json\/wp\/v2\/users\/1"}],"replies":[{"embeddable":true,"href":"https:\/\/www.tampereentrimmaamo.fi\/index.php\/wp-json\/wp\/v2\/comments?post=52"}],"version-history":[{"count":6,"href":"https:\/\/www.tampereentrimmaamo.fi\/index.php\/wp-json\/wp\/v2\/pages\/52\/revisions"}],"predecessor-version":[{"id":147,"href":"https:\/\/www.tampereentrimmaamo.fi\/index.php\/wp-json\/wp\/v2\/pages\/52\/revisions\/147"}],"wp:attachment":[{"href":"https:\/\/www.tampereentrimmaamo.fi\/index.php\/wp-json\/wp\/v2\/media?parent=52"}],"curies":[{"name":"wp","href":"https:\/\/api.w.org\/{rel}","templated":true}]}}